{"id":88,"date":"2023-09-11T23:30:02","date_gmt":"2023-09-11T21:30:02","guid":{"rendered":"https:\/\/urhund.de\/?page_id=88"},"modified":"2023-09-12T00:24:53","modified_gmt":"2023-09-11T22:24:53","slug":"annabelle-ex-lupa-nigra","status":"publish","type":"page","link":"https:\/\/urhund.de\/?page_id=88","title":{"rendered":"Annabelle Ex Lupa Nigra"},"content":{"rendered":"<p>&nbsp;<\/p>\n<h3>Nachruf Annabelle<\/h3>\n<div id=\"attachment_105\" style=\"width: 160px\" class=\"wp-caption alignright\"><a href=\"https:\/\/urhund.de\/wp-content\/uploads\/2023\/09\/CSC8391.jpg\" rel=\"lightbox-0\"><img loading=\"lazy\" decoding=\"async\" aria-describedby=\"caption-attachment-105\" class=\"size-thumbnail wp-image-105\" src=\"https:\/\/urhund.de\/wp-content\/uploads\/2023\/09\/CSC8391-150x150.jpg\" alt=\"\" width=\"150\" height=\"150\" srcset=\"https:\/\/urhund.de\/wp-content\/uploads\/2023\/09\/CSC8391-150x150.jpg 150w, https:\/\/urhund.de\/wp-content\/uploads\/2023\/09\/CSC8391-300x300.jpg 300w, https:\/\/urhund.de\/wp-content\/uploads\/2023\/09\/CSC8391-768x764.jpg 768w, https:\/\/urhund.de\/wp-content\/uploads\/2023\/09\/CSC8391.jpg 1000w\" sizes=\"auto, (max-width: 150px) 100vw, 150px\" \/><\/a><p id=\"caption-attachment-105\" class=\"wp-caption-text\">Annabelle ex Lupa Nigra<\/p><\/div>\n<p>Ein Eurasier ist gut \u2013 zwei Eurasier machen das Gl\u00fcck perfekt.<br \/>\nDas traf auch bei uns zu.<\/p>\n<p>Nach vier sch\u00f6nen und erlebnisreichen Jahren mit unserer ersten schwarzen Eurasierh\u00fcndin Antonia, genannt Toni, war es Zeit, die Familie zu erweitern. Und es sollte eine weitere H\u00fcndin aus unserer eigenen Zucht werden. Gl\u00fccklicherweise wurden die Ausgangsbedingungen an H\u00fcndin, Z\u00fcchter und Zuchtst\u00e4tte positiv beschieden. So wurde Toni im Januar 2005 erfolgreich von Anton von der Silberlinde gedeckt. Ende M\u00e4rz 2005 brachte sie im Laufe des fr\u00fchen Morgens\/vormittags vier muntere kleine R\u00fcden zur Welt. Die hei\u00df ersehnte kleine H\u00fcndin war nicht dabei. So etwas l\u00e4sst sich ja nicht planen, trotzdem waren wir erst einmal ein wenig entt\u00e4uscht. Nachdem Toni am selben Nachmittag seit zwanzig Stunden nicht mehr vor der T\u00fcre war, ging sie mit ihrem Herrchen kurz auf die kleine Wiese in der Nachbarschaft um die notwendigen Gesch\u00e4fte zu erledigen. Wenig sp\u00e4ter kam ein Nachbar aufgeregt herbeigeeilt und bat rasch um ein Handtuch f\u00fcr den Hund? Was war geschehen? Kurz darauf waren Toni und Herrchen zur\u00fcck. Und er hielt ein kleines Fellb\u00fcndelchen im Handtuch im Arm. Dieses hatte Toni beim Pinkeln verloren.<\/p>\n<p>Es war ein M\u00e4dchen. Nun hatten wir sie doch noch bekommen, unsere kleine schwarze Eurasier-Prinzessin Annabelle.<\/p>\n<p>Sie wusste sich schnell neben ihren vier dicken Br\u00fcdern zu behaupten und war gleichzeitig ihr ganzes Leben lang sehr anschmiegsam und immer freundlich zu Mensch und Tier. Nachdem die vier kleinen R\u00fcden ihre Mama Toni verlassen hatten, war diese kurz irritiert, was den wohl die kleine H\u00fcndin immer noch hier sollte? Die beiden H\u00fcndinnen gew\u00f6hnten sich aber schnell an die Zweisamkeit und bis zu Tonis letztem Atemzug blieb sie die Rudelf\u00fchrerin und Annabelle stellte dies nie infrage sondern behielt ihren Platz in der zweiten Reihe.<\/p>\n<p>Nur eine kurze Zeit \u2013 im Fr\u00fchjahr 2009 \u2013 als Annabelle ihren eigenen Wurf mit drei kleinen H\u00fcndinnen gro\u00dfzog, nahm sich Toni zur\u00fcck. Sie akzeptierte die kleine Familie neben ihr, hielt aber immer Abstand zu den kleinen neugierigen Gesch\u00f6pfen. Was diese nicht daran hinderte ihrerseits stets auch die N\u00e4he der zweiten H\u00fcndin neben ihrer Mutter zu suchen.<\/p>\n<p>Sobald die drei kleinen H\u00fcndinnen ausgezogen waren, stellte sich schnell die gewohnte Rangordnung wieder her.<\/p>\n<p>In einem unterschied sich Annabelle komplett von ihrer Mutter. Sie wollte ihr ganzes Leben lang gehorchen und etwas zu tun haben. Und so kam es, dass Annabelle viele Jahre mit gro\u00dfer Freude in einem Schutzhundeverein an Unterordnung und freiem Training teilnahm. Ohne Frage \u2013 die Begleithundepr\u00fcfung bestand sie f\u00fcnfmal mit Bravour.<\/p>\n<p>Annabelle begleitete Toni treu bis zu deren Tod im September 2014 . Diesen hatte sie instinktiv wohl eher gesp\u00fcrt und akzeptiert als wir Menschen.<\/p>\n<p>Nachdem ihre Mutter begraben war, ging das Leben f\u00fcr Annabelle unbeschwert weiter. Der Tod geh\u00f6rt schlie\u00dflich zum Leben.<\/p>\n<p>Aber \u2013 ein Eurasier ist gut \u2013 zwei Eurasier machen das Gl\u00fcck perfekt.<\/p>\n<p>Das ist nat\u00fcrlich die Ansicht der Menschen \u2013 nicht \u00fcberraschend war Annabelle not amused, als im Juni 2016 ein Welpe, eine kleine Eurasierh\u00fcndin namens Charlotte\u00a0 Einzug in unserem Haus hielt.<\/p>\n<p>Aber auch hier konnten wir uns auf unsere freundliche und ausgeglichene H\u00fcndin Annabelle verlassen. Nach kurzer Zeit waren die beiden H\u00fcndinnen ein Herz und eine Seele. Die elfj\u00e4hrige Annabelle erfuhr ihren zweiten Fr\u00fchling und unsere kleine Charlotte lernte eifrig alles, was sie f\u00fcr ein Hundeleben lernen musste, von Ihrer alten Rudelf\u00fchrerin.<\/p>\n<p>Leider mussten wir Annabelle im Mai 2019 \u00fcber die Regenbogenbr\u00fccke gehen lassen.<\/p>\n<p>Charlotte war lange Zeit in tiefer Trauer und wir auch.<\/p>\n<p>Doch zur\u00fcck bleibt die Erinnerung an eine sehr gl\u00fcckliche Zeit mit einem wundervollen Hund.<\/p>\n","protected":false},"excerpt":{"rendered":"<p>&nbsp; Nachruf Annabelle Ein Eurasier ist gut \u2013 zwei Eurasier machen das Gl\u00fcck perfekt. Das traf auch bei uns zu. Nach vier sch\u00f6nen und erlebnisreichen Jahren mit unserer ersten schwarzen Eurasierh\u00fcndin Antonia, genannt Toni, war es Zeit, die Familie zu <a class=\"more-link\" href=\"https:\/\/urhund.de\/?page_id=88\">weiterlesen&#8230;<\/a><\/p>\n","protected":false},"author":1,"featured_media":0,"parent":0,"menu_order":0,"comment_status":"closed","ping_status":"closed","template":"","meta":{"footnotes":""},"class_list":["post-88","page","type-page","status-publish","hentry"],"_links":{"self":[{"href":"https:\/\/urhund.de\/index.php?rest_route=\/wp\/v2\/pages\/88","targetHints":{"allow":["GET"]}}],"collection":[{"href":"https:\/\/urhund.de\/index.php?rest_route=\/wp\/v2\/pages"}],"about":[{"href":"https:\/\/urhund.de\/index.php?rest_route=\/wp\/v2\/types\/page"}],"author":[{"embeddable":true,"href":"https:\/\/urhund.de\/index.php?rest_route=\/wp\/v2\/users\/1"}],"replies":[{"embeddable":true,"href":"https:\/\/urhund.de\/index.php?rest_route=%2Fwp%2Fv2%2Fcomments&post=88"}],"version-history":[{"count":6,"href":"https:\/\/urhund.de\/index.php?rest_route=\/wp\/v2\/pages\/88\/revisions"}],"predecessor-version":[{"id":109,"href":"https:\/\/urhund.de\/index.php?rest_route=\/wp\/v2\/pages\/88\/revisions\/109"}],"wp:attachment":[{"href":"https:\/\/urhund.de\/index.php?rest_route=%2Fwp%2Fv2%2Fmedia&parent=88"}],"curies":[{"name":"wp","href":"https:\/\/api.w.org\/{rel}","templated":true}]}}