{"id":461,"date":"2024-10-28T00:18:32","date_gmt":"2024-10-27T23:18:32","guid":{"rendered":"https:\/\/urhund.de\/?page_id=461"},"modified":"2024-11-03T15:03:51","modified_gmt":"2024-11-03T14:03:51","slug":"1-woche","status":"publish","type":"page","link":"https:\/\/urhund.de\/?page_id=461","title":{"rendered":"Woche 1"},"content":{"rendered":"<p>Einige Bilder von den 1. Lebenstagen, ihr bekommt in unregelm\u00e4\u00dfigen Abst\u00e4nden Updates \u00fcber den Fortschritt und die Entwicklung dieser kleinen Lebewesen.<\/p>\n<p><code id=\"soliloquy-shortcode\" class=\"soliloquy-code\"><div aria-live=\"polite\" id=\"soliloquy-container-476\" class=\"soliloquy-container soliloquy-transition-fade  soliloquy-theme-classic\" style=\"max-width:800px;max-height:800px;\"><ul id=\"soliloquy-476\" class=\"soliloquy-slider soliloquy-slides soliloquy-wrap soliloquy-clear\"><li aria-hidden=\"true\" class=\"soliloquy-item soliloquy-item-1 soliloquy-image-slide\" draggable=\"false\" style=\"list-style:none\"><img decoding=\"async\" id=\"soliloquy-image-527\" class=\"soliloquy-image soliloquy-image-1\" src=\"https:\/\/urhund.de\/wp-content\/uploads\/2024\/10\/IMG_6930-scaled-800x800_c.jpg\" alt=\"IMG_6930\" \/><\/li><li aria-hidden=\"true\" class=\"soliloquy-item soliloquy-item-2 soliloquy-image-slide\" draggable=\"false\" style=\"list-style:none\"><img decoding=\"async\" id=\"soliloquy-image-554\" class=\"soliloquy-image soliloquy-image-2\" src=\"https:\/\/urhund.de\/wp-content\/uploads\/2024\/11\/20241101_162428-scaled-800x800_c.jpg\" alt=\"20241101_162428\" \/><\/li><li aria-hidden=\"true\" class=\"soliloquy-item soliloquy-item-3 soliloquy-image-slide\" draggable=\"false\" style=\"list-style:none\"><img decoding=\"async\" id=\"soliloquy-image-537\" class=\"soliloquy-image soliloquy-image-3\" src=\"https:\/\/urhund.de\/wp-content\/uploads\/2024\/11\/IMG-20241031-WA0000-800x800_c.jpg\" alt=\"IMG-20241031-WA0000\" \/><\/li><li aria-hidden=\"true\" class=\"soliloquy-item soliloquy-item-4 soliloquy-image-slide\" draggable=\"false\" style=\"list-style:none\"><img decoding=\"async\" id=\"soliloquy-image-531\" class=\"soliloquy-image soliloquy-image-4\" src=\"https:\/\/urhund.de\/wp-content\/uploads\/2024\/11\/IMG_6926-scaled-800x800_c.jpg\" alt=\"IMG_6926\" \/><\/li><li aria-hidden=\"true\" class=\"soliloquy-item soliloquy-item-5 soliloquy-image-slide\" draggable=\"false\" style=\"list-style:none\"><img decoding=\"async\" id=\"soliloquy-image-477\" class=\"soliloquy-image soliloquy-image-5\" src=\"https:\/\/urhund.de\/wp-content\/uploads\/2024\/10\/IMG_6900-scaled-800x800_c.jpg\" alt=\"IMG_6900\" \/><\/li><li aria-hidden=\"true\" class=\"soliloquy-item soliloquy-item-6 soliloquy-image-slide\" draggable=\"false\" style=\"list-style:none\"><img decoding=\"async\" id=\"soliloquy-image-478\" class=\"soliloquy-image soliloquy-image-6\" src=\"https:\/\/urhund.de\/wp-content\/uploads\/2024\/10\/IMG_6902-scaled-800x800_c.jpg\" alt=\"IMG_6902\" \/><\/li><li aria-hidden=\"true\" class=\"soliloquy-item soliloquy-item-7 soliloquy-image-slide\" draggable=\"false\" style=\"list-style:none\"><img decoding=\"async\" id=\"soliloquy-image-479\" class=\"soliloquy-image soliloquy-image-7\" src=\"https:\/\/urhund.de\/wp-content\/uploads\/2024\/10\/IMG_6905-scaled-800x800_c.jpg\" alt=\"IMG_6905\" \/><\/li><li aria-hidden=\"true\" class=\"soliloquy-item soliloquy-item-8 soliloquy-image-slide\" draggable=\"false\" style=\"list-style:none\"><img decoding=\"async\" id=\"soliloquy-image-480\" class=\"soliloquy-image soliloquy-image-8\" src=\"https:\/\/urhund.de\/wp-content\/uploads\/2024\/10\/IMG_6907-scaled-800x800_c.jpg\" alt=\"IMG_6907\" \/><\/li><li aria-hidden=\"true\" class=\"soliloquy-item soliloquy-item-9 soliloquy-image-slide\" draggable=\"false\" style=\"list-style:none\"><img decoding=\"async\" id=\"soliloquy-image-481\" class=\"soliloquy-image soliloquy-image-9\" src=\"https:\/\/urhund.de\/wp-content\/uploads\/2024\/10\/IMG_6910-scaled-800x800_c.jpg\" alt=\"IMG_6910\" \/><\/li><li aria-hidden=\"true\" class=\"soliloquy-item soliloquy-item-10 soliloquy-image-slide\" draggable=\"false\" style=\"list-style:none\"><img decoding=\"async\" id=\"soliloquy-image-482\" class=\"soliloquy-image soliloquy-image-10\" src=\"https:\/\/urhund.de\/wp-content\/uploads\/2024\/10\/IMG_6913-scaled-800x800_c.jpg\" alt=\"IMG_6913\" \/><\/li><\/ul><\/div><noscript><style type=\"text\/css\">#soliloquy-container-476{opacity:1}<\/style><\/noscript><\/code><\/p>\n","protected":false},"excerpt":{"rendered":"<p>Einige Bilder von den 1. Lebenstagen, ihr bekommt in unregelm\u00e4\u00dfigen Abst\u00e4nden Updates \u00fcber den Fortschritt und die Entwicklung dieser kleinen Lebewesen.<\/p>\n","protected":false},"author":1,"featured_media":0,"parent":0,"menu_order":0,"comment_status":"closed","ping_status":"closed","template":"","meta":{"footnotes":""},"class_list":["post-461","page","type-page","status-publish","hentry"],"_links":{"self":[{"href":"https:\/\/urhund.de\/index.php?rest_route=\/wp\/v2\/pages\/461","targetHints":{"allow":["GET"]}}],"collection":[{"href":"https:\/\/urhund.de\/index.php?rest_route=\/wp\/v2\/pages"}],"about":[{"href":"https:\/\/urhund.de\/index.php?rest_route=\/wp\/v2\/types\/page"}],"author":[{"embeddable":true,"href":"https:\/\/urhund.de\/index.php?rest_route=\/wp\/v2\/users\/1"}],"replies":[{"embeddable":true,"href":"https:\/\/urhund.de\/index.php?rest_route=%2Fwp%2Fv2%2Fcomments&post=461"}],"version-history":[{"count":15,"href":"https:\/\/urhund.de\/index.php?rest_route=\/wp\/v2\/pages\/461\/revisions"}],"predecessor-version":[{"id":602,"href":"https:\/\/urhund.de\/index.php?rest_route=\/wp\/v2\/pages\/461\/revisions\/602"}],"wp:attachment":[{"href":"https:\/\/urhund.de\/index.php?rest_route=%2Fwp%2Fv2%2Fmedia&parent=461"}],"curies":[{"name":"wp","href":"https:\/\/api.w.org\/{rel}","templated":true}]}}