{"id":110,"date":"2023-09-12T00:26:29","date_gmt":"2023-09-11T22:26:29","guid":{"rendered":"https:\/\/urhund.de\/?page_id=110"},"modified":"2024-08-20T00:14:20","modified_gmt":"2024-08-19T22:14:20","slug":"welpenvermittlung","status":"publish","type":"page","link":"https:\/\/urhund.de\/?page_id=110","title":{"rendered":"Welpenvermittlung"},"content":{"rendered":"<p><strong>Informationen zur Vermittlung von Eurasierwelpen<\/strong><\/p>\n<p>Regelm\u00e4\u00dfig werden wir von Besuchern unserer Webseite gefragt, ob es m\u00f6glich sei, bei uns einen Hund zu erwerben. Auch bei einem Wurf von uns, m\u00f6chten wir Sie an unseren Verein, den <a href=\"https:\/\/www.eurasier-klub.de\"><strong>Eurasier Klub e.V. Sitz Weinheim (EKW)<\/strong><\/a> verweisen, \u00fcber dessen Welpenvermittlung auch unsere Welpen vermittelt w\u00fcrden. Da bei uns aber auch oft angefragt wird, wie es \u00fcberhaupt m\u00f6glich ist, einen Eurasier zu bekommen, hoffen wir, mit den folgenden Ausf\u00fchrungen allen Interessenten dieser herrlichen Tiere ein wenig weiter zu helfen.<a href=\"https:\/\/urhund.de\/wp-content\/uploads\/2024\/08\/IMG-20210610-WA0001.jpg\" rel=\"lightbox-0\"><img loading=\"lazy\" decoding=\"async\" class=\"wp-image-132 size-thumbnail alignright\" src=\"https:\/\/urhund.de\/wp-content\/uploads\/2024\/08\/IMG-20210610-WA0001-150x150.jpg\" alt=\"\" width=\"150\" height=\"150\" \/><\/a><\/p>\n<p><u><em>Vor\u00fcberlegungen zur Anschaffung eines Hundes<\/em><\/u><br \/>\nVor jeder Anschaffung eines Hundes, d.h. eigentlich jeden Haustieres, sollte man bedenken, dass man eine gro\u00dfe Verantwortung \u00fcbernimmt, und die Haustierhaltung, insbesondere die Hundehaltung, nicht ausschlie\u00dflich Freude, sondern auch Arbeit, Sorge und Leid mit sich bringt. Nicht nur der Mensch hat seine Krankheiten, auch der Hund braucht einen Tierarzt und entsprechende Pflege, wenn dies notwendig ist. Zum gro\u00dfen Leid der Hundehalter verlassen uns unsere liebgewordenen Hausgenossen zwischen 12 und 16 Jahren gemeinsamen Lebens. All das sollte man immer wieder in Betracht ziehen, besonders sollte man den W\u00fcnschen der Kinder, einen Hund anzuschaffen, nur dann nachgeben, wenn man selbst als Eltern die volle Verantwortung und Pflege \u00fcbernehmen will. Kinder k\u00f6nnen keine Verantwortung und Pflege \u00fcbernehmen oder gar an diesem \u00abObjekt\u00bb Verantwortung lernen. Der Hund ist niemals Spielzeug, sondern Spielkamerad. Bevor ein Hund ins Haus genommen wird, sollte immer der \u00abFamilienrat\u00bb tagen und nur der einstimmige Beschluss ist die Garantie, dass der neue Hausgenosse voll in die Familie integriert wird, d.h. seinen festen sozialen Platz findet.\u00bb (Zitat mit frdl. Genehmigung aus \u00abEURASIER \u2013 Entstehung, Entwicklung, Gegenwart\u00bb von Julius Wipfel) Auch wenn dieses Zitat schon Jahrzehnte alt ist, so hat es an Aktualit\u00e4t nicht verloren. Sollten Sie einen Eurasier bisher nur aus B\u00fcchern oder dem Internet kennen und ihn noch niemals in natura gesehen haben, informieren die Vereine Sie gerne \u00fcber Eurasierspazierg\u00e4nge und\/ oder -treffen, nennen Ihnen aber auf Wunsch Eurasierbesitzer in Ihrer N\u00e4he. Hier k\u00f6nnen Sie sich vor Ort informieren und Ihr m\u00f6gliches neues Familienmitglied und sein Verhalten gegen\u00fcber Artgenossen, Menschen und in Alltagssituationen n\u00e4her kennenlernen.<\/p>\n<p><a href=\"https:\/\/urhund.de\/wp-content\/uploads\/2024\/08\/IMG_5462-scaled.jpg\" rel=\"lightbox-1\"><img loading=\"lazy\" decoding=\"async\" class=\"alignleft wp-image-126 size-thumbnail\" src=\"https:\/\/urhund.de\/wp-content\/uploads\/2024\/08\/IMG_5462-scaled-e1724081206778-150x150.jpg\" alt=\"\" width=\"150\" height=\"150\" \/><\/a><u><em>Eigenschaften des Eurasier<\/em><\/u><br \/>\nDer Eurasier ist ein Familienhund, der den direkten Kontakt und die h\u00e4usliche Gemeinschaft mit seiner Familie sucht und eine liebevolle, aber auch konsequente Erziehung braucht. Nur so kann er seine guten Eigenschaften weiterentwickeln.Auch sollten seine Besitzer seine charakterliche Eigenst\u00e4ndigkeit sch\u00e4tzen lernen und sie nicht unterdr\u00fccken. In den meisten Situationen zeigt der Eurasier ein instinktsicheres Verhalten.Er ist selbstbewu\u00dft, ruhig, ausgeglichen und wachsam, ohne besonders lautfreudig zu sein. Sein Jagdtrieb ist nicht besonders stark ausgepr\u00e4gt. Er hat eine sehr starke Bindung an seine Familie, Fremden gegen\u00fcber zeigt der Eurasier ein neutrales, manchmal auch ein etwas zur\u00fcckhaltend wirkendes Verhalten, ohne jedoch unfreundlich zu sein. Er ist ungeeignet f\u00fcr Ketten- und Zwingerhaltung, Schutzhundausbildung oder Ausbildung in fremder Hand, obwohl ihm sportliche Bet\u00e4tigung (z.B. Agility) Spa\u00df macht und er sich, aufgrund seines feinf\u00fchligen Gesp\u00fcrs f\u00fcr menschliche Stimmungen, auch f\u00fcr eine Ausbildung z.B. als Therapiehund hervorragend eignet. Vereinszucht Bei den Eurasiern handelt es sich nur um eine relativ kleine, von einzelnen Z\u00fcchtern betriebene reine Liebhaberzucht, die in Deutschland in der Hand von drei innerhalb der VDH organisierten Zuchtvereinen liegt.<\/p>\n<ul>\n<li><a href=\"http:\/\/www.eurasier-klub.de\/\">Eurasier Klub e.V. Weinheim<\/a><\/li>\n<li><a href=\"http:\/\/www.kzg-eurasier.de\/\">Kynologische Zuchtgemeinschaft Eurasier e.V.<\/a><\/li>\n<\/ul>\n<p>Keiner dieser Vereine z\u00fcchtet gem\u00e4\u00df seiner Satzung auf Vorrat, da bei jedem Welpen sichergestellt sein soll, dass er in gute H\u00e4nde abgegeben wird und in einer liebevollen Familie zu einem wesensfesten Hund heranreift. Deshalb wird in Deutschland auch nur eine relative geringe Anzahl von Welpen geboren. Dies zeigt auch die Welpenstatistik des VDH f\u00fcr die in Deutschland geborenen Eurasierwelpen:<\/p>\n<table width=\"0\">\n<tbody>\n<tr>\n<td><\/td>\n<td>2018<\/td>\n<td>2017<\/td>\n<td>2016<\/td>\n<td>2015<\/td>\n<td>2014<\/td>\n<td>2013<\/td>\n<td>2012<\/td>\n<td>2011<\/td>\n<td>2010<\/td>\n<td>2009<\/td>\n<td>2008<\/td>\n<td>2007<\/td>\n<td>2006<\/td>\n<td>2005<\/td>\n<td>2004<\/td>\n<td>2003<\/td>\n<\/tr>\n<tr>\n<td>Eurasier<\/td>\n<td>242<\/td>\n<td>235<\/td>\n<td>303<\/td>\n<td>301<\/td>\n<td>326<\/td>\n<td>267<\/td>\n<td>338<\/td>\n<td>289<\/td>\n<td>336<\/td>\n<td>339<\/td>\n<td>420<\/td>\n<td>458<\/td>\n<td>499<\/td>\n<td>455<\/td>\n<td>533<\/td>\n<td>427<\/td>\n<\/tr>\n<\/tbody>\n<\/table>\n<p>Quelle: <a href=\"https:\/\/www.vdh.de\/ueber-den-vdh\/welpenstatistik\/\">www.vdh.de \u2013 Welpenstatistik<\/a><\/p>\n<p>Innerhalb der Vereine erfolgt eine strenge Zuchtauslese. Es werden nur Hunde zur Zucht zugelassen, die zuvor bei einer Zuchttauglichkeitspr\u00fcfung bzw. Ank\u00f6rung neben der tier\u00e4rztlichen Untersuchung (HD, Patella, Augen etc.) und der Pr\u00fcfung durch den Zuchtwart (Standard) auch eine Wesenpr\u00fcfung durchlaufen haben. Auch die Zuchtst\u00e4tten und Z\u00fcchter der Vereine unterliegen einer permanenten Kontrolle, damit alle Eurasierwelpen unter idealen Aufzuchtbedingungen, die genau von den Vereinen festgelegt und von deren Zuchtwarten kontrolliert werden, in der Familie aufwachsen. Es gibt keine Zwingerzucht und keine Aufzucht von Welpen fernab der Familie. Schon fr\u00fchzeitig sollen die Welpen durch den intensiven Kontakt zu ihrer Z\u00fcchterfamilie, an den Menschen, aber auch an weitere Haustiere gew\u00f6hnt und auf die meisten Alltagssituationen im t\u00e4glichen Familienleben vorbereitet werden. Besteht Zuchtwunsch und gibt es gen\u00fcgend Vorbestellungen f\u00fcr ein neues Familienmitglied, erteilt die Zuchtleitung dem Z\u00fcchter die Genehmigung f\u00fcr einen Wurf. Mit Hilfe der Zuchtleitung wird dann f\u00fcr die jeweilige H\u00fcndin der bestm\u00f6gliche Partner nach den neusten wissenschaftlichen Erkenntnissen ausgew\u00e4hlt bzw. eine Auswahl in Frage kommender Deckr\u00fcden vorgeschlagen. Gibt es nicht gen\u00fcgend Kaufinteressenten wird eine Zuchtgenehmigung vom Verein nicht erteilt. Sicherlich ergeben sich aufgrund dieser Vorgehensweise zum Teil l\u00e4ngere Wartezeiten f\u00fcr den potentiellen K\u00e4ufer. Es ist jedoch das Anliegen der Vereine, auch durch diese Vorgehensweise un\u00fcberlegten Spontank\u00e4ufen vorzubeugen. Der Eurasier sollte niemals zur Massenware degradiert werden!<\/p>\n<p><u><em>Welpenvermittlung<\/em><\/u><br \/>\n<a href=\"https:\/\/urhund.de\/wp-content\/uploads\/2024\/08\/IMG_5384-scaled.jpg\" rel=\"lightbox-2\"><img loading=\"lazy\" decoding=\"async\" class=\"alignleft wp-image-125 size-medium\" src=\"https:\/\/urhund.de\/wp-content\/uploads\/2024\/08\/IMG_5384-scaled-e1724081272571-300x153.jpg\" alt=\"\" width=\"300\" height=\"153\" srcset=\"https:\/\/urhund.de\/wp-content\/uploads\/2024\/08\/IMG_5384-scaled-e1724081272571-300x153.jpg 300w, https:\/\/urhund.de\/wp-content\/uploads\/2024\/08\/IMG_5384-scaled-e1724081272571-1024x522.jpg 1024w, https:\/\/urhund.de\/wp-content\/uploads\/2024\/08\/IMG_5384-scaled-e1724081272571-768x392.jpg 768w, https:\/\/urhund.de\/wp-content\/uploads\/2024\/08\/IMG_5384-scaled-e1724081272571-1536x783.jpg 1536w, https:\/\/urhund.de\/wp-content\/uploads\/2024\/08\/IMG_5384-scaled-e1724081272571-2048x1044.jpg 2048w\" sizes=\"auto, (max-width: 300px) 100vw, 300px\" \/><\/a>In der Regel wird der Welpe \u00fcber die Welpenvermittlung des jeweiligen Vereines vermittelt. Als Interessent melden Sie sich bei der Welpenvermittlung eines der Vereine. Diese informiert sie dann \u00fcber das weitere Vorgehen, das je nach Verein leichte Unterschiede aufweisen kann. Erfolgt letztendlich eine Bestellung, werden Sie in eine Warteliste aufgenommen. Die m\u00f6glichen Interessenten besuchen den Z\u00fcchter, die Mutterh\u00fcndin und die Welpen im Alter von ca. 4 bis 6 Wochen und k\u00f6nnen hierbei nicht nur ihr neues Familienmitglied kennenlernen, sondern sich auch von seinen idealen Aufzuchtbedingungen \u00fcberzeugen. Die Welpen\u00fcbergabe erfolgt im Alter von ca. 9 Wochen. Jeder Z\u00fcchter ist bestrebt, mit \u00abseinem Welpen\u00bb und dessen neuer Familie ein ganzes Hundeleben lang in Kontakt zu bleiben und Ansprechpartner f\u00fcr alle auftretenden Fragen zu sein. Unser pers\u00f6nliches Anliegen Sicherlich sind jeder Z\u00fcchter wie auch die Vereine bem\u00fcht, viele Ihrer W\u00fcnsche zu erf\u00fcllen; sei es das Geschlecht, einen ungef\u00e4hren Abgabezeitpunkt oder zum Teil auch einen Farbwunsch.<br \/>\nJedoch macht gerade die Farbvielfalt diese Rasse so interessant. Auch l\u00e4\u00dft sich bei Eurasiern kein Farbschlag z\u00fcchten und es sich manchmal kaum vorhersagen, welche Farbe ein Welpe als erwachsener Hund nun wirklich bekommt. \u00dcberraschungen sind daher vorprogrammiert. Denn so ein kleiner Eurasierwelpe hat in seinem ersten Lebensjahr fast die Eigenschaft eines Chamaelions, da die erst sp\u00e4ter kommenden Granhaare das farbliche Erscheinungsbild entscheidend bestimmen. Lassen Sie sich daher auch etwas \u00fcberraschen! Ihr Hund sollte auf jeden Fall in Ihren Augen immer wundersch\u00f6n sein.<\/p>\n<p>Kein Z\u00fcchter und kein Verein kann Ihnen garantieren, dass Sie ebenfalls einen \u00abZuchthund\u00bb erhalten, da m\u00f6gliche zuchtausschlie\u00dfende Fehler erst mit 1 bis 2 Jahren durch den Tierarzt und Zuchtwart festgestellt werden k\u00f6nnen. Es ist aber jeder Verein durch eine sehr strenge Zuchtauswahl bem\u00fcht, nur gesunde, wesensfeste und standardgem\u00e4\u00dfe Eurasier in die Zucht zu nehmen. Ein nichtzuchttauglicher Hund ist nun aber keineswegs krank, sondern hat in vielen F\u00e4llen nur Merkmale, die f\u00fcr seine Besitzer oft nicht sichtbar oder unwichtig sind, die aber der Verein bei einer Weiterzucht vermeiden m\u00f6chte. So hatte unsere Chiara eine Knickrute, nicht sichtbar. Ein Merkmal, dass nicht dem Standard entspricht und auch zuchtausschlie\u00dfend ist. Ihrer Sch\u00f6nheit tat dieser \u00abMakel\u00bb jedoch keinen Abbruch.<\/p>\n","protected":false},"excerpt":{"rendered":"<p>Informationen zur Vermittlung von Eurasierwelpen Regelm\u00e4\u00dfig werden wir von Besuchern unserer Webseite gefragt, ob es m\u00f6glich sei, bei uns einen Hund zu erwerben. Auch bei einem Wurf von uns, m\u00f6chten wir Sie an unseren Verein, den Eurasier Klub e.V. Sitz <a class=\"more-link\" href=\"https:\/\/urhund.de\/?page_id=110\">weiterlesen&#8230;<\/a><\/p>\n","protected":false},"author":1,"featured_media":0,"parent":0,"menu_order":0,"comment_status":"closed","ping_status":"closed","template":"","meta":{"footnotes":""},"class_list":["post-110","page","type-page","status-publish","hentry"],"_links":{"self":[{"href":"https:\/\/urhund.de\/index.php?rest_route=\/wp\/v2\/pages\/110","targetHints":{"allow":["GET"]}}],"collection":[{"href":"https:\/\/urhund.de\/index.php?rest_route=\/wp\/v2\/pages"}],"about":[{"href":"https:\/\/urhund.de\/index.php?rest_route=\/wp\/v2\/types\/page"}],"author":[{"embeddable":true,"href":"https:\/\/urhund.de\/index.php?rest_route=\/wp\/v2\/users\/1"}],"replies":[{"embeddable":true,"href":"https:\/\/urhund.de\/index.php?rest_route=%2Fwp%2Fv2%2Fcomments&post=110"}],"version-history":[{"count":7,"href":"https:\/\/urhund.de\/index.php?rest_route=\/wp\/v2\/pages\/110\/revisions"}],"predecessor-version":[{"id":162,"href":"https:\/\/urhund.de\/index.php?rest_route=\/wp\/v2\/pages\/110\/revisions\/162"}],"wp:attachment":[{"href":"https:\/\/urhund.de\/index.php?rest_route=%2Fwp%2Fv2%2Fmedia&parent=110"}],"curies":[{"name":"wp","href":"https:\/\/api.w.org\/{rel}","templated":true}]}}